{"id":169,"date":"2022-12-06T14:29:15","date_gmt":"2022-12-06T14:29:15","guid":{"rendered":"https:\/\/ratzenbergli.ch\/?page_id=169"},"modified":"2026-02-11T16:24:01","modified_gmt":"2026-02-11T16:24:01","slug":"betriebsspiegel","status":"publish","type":"page","link":"https:\/\/ratzenbergli.ch\/?page_id=169","title":{"rendered":"Betriebsspiegel"},"content":{"rendered":"\n<figure data-wp-context=\"{&quot;imageId&quot;:&quot;69e62c5639f84&quot;}\" data-wp-interactive=\"core\/image\" data-wp-key=\"69e62c5639f84\" class=\"wp-block-image alignwide size-large wp-lightbox-container\"><img loading=\"lazy\" decoding=\"async\" width=\"1024\" height=\"220\" data-wp-class--hide=\"state.isContentHidden\" data-wp-class--show=\"state.isContentVisible\" data-wp-init=\"callbacks.setButtonStyles\" data-wp-on--click=\"actions.showLightbox\" data-wp-on--load=\"callbacks.setButtonStyles\" data-wp-on-window--resize=\"callbacks.setButtonStyles\" src=\"https:\/\/ratzenbergli.ch\/wp-content\/uploads\/2022\/12\/banner_willkommen-1024x220.png\" alt=\"\" class=\"wp-image-8\" srcset=\"https:\/\/ratzenbergli.ch\/wp-content\/uploads\/2022\/12\/banner_willkommen-1024x220.png 1024w, https:\/\/ratzenbergli.ch\/wp-content\/uploads\/2022\/12\/banner_willkommen-300x64.png 300w, https:\/\/ratzenbergli.ch\/wp-content\/uploads\/2022\/12\/banner_willkommen-768x165.png 768w, https:\/\/ratzenbergli.ch\/wp-content\/uploads\/2022\/12\/banner_willkommen.png 1500w\" sizes=\"auto, (max-width: 1024px) 100vw, 1024px\" \/><button\n\t\t\tclass=\"lightbox-trigger\"\n\t\t\ttype=\"button\"\n\t\t\taria-haspopup=\"dialog\"\n\t\t\taria-label=\"Vergr\u00f6ssern\"\n\t\t\tdata-wp-init=\"callbacks.initTriggerButton\"\n\t\t\tdata-wp-on--click=\"actions.showLightbox\"\n\t\t\tdata-wp-style--right=\"state.imageButtonRight\"\n\t\t\tdata-wp-style--top=\"state.imageButtonTop\"\n\t\t>\n\t\t\t<svg xmlns=\"http:\/\/www.w3.org\/2000\/svg\" width=\"12\" height=\"12\" fill=\"none\" viewBox=\"0 0 12 12\">\n\t\t\t\t<path fill=\"#fff\" d=\"M2 0a2 2 0 0 0-2 2v2h1.5V2a.5.5 0 0 1 .5-.5h2V0H2Zm2 10.5H2a.5.5 0 0 1-.5-.5V8H0v2a2 2 0 0 0 2 2h2v-1.5ZM8 12v-1.5h2a.5.5 0 0 0 .5-.5V8H12v2a2 2 0 0 1-2 2H8Zm2-12a2 2 0 0 1 2 2v2h-1.5V2a.5.5 0 0 0-.5-.5H8V0h2Z\" \/>\n\t\t\t<\/svg>\n\t\t<\/button><\/figure>\n\n\n\n<div class=\"wp-block-columns is-layout-flex wp-container-core-columns-is-layout-28f84493 wp-block-columns-is-layout-flex\">\n<div class=\"wp-block-column is-layout-flow wp-block-column-is-layout-flow\" style=\"flex-basis:33.33%\">\n<h4 class=\"wp-block-heading\"><strong>Betriebsform:<\/strong><\/h4>\n<\/div>\n\n\n\n<div class=\"wp-block-column is-layout-flow wp-block-column-is-layout-flow\" style=\"flex-basis:66.66%\">\n<p style=\"font-size:clamp(0.929rem, 0.929rem + ((1vw - 0.2rem) * 0.856), 1.4rem);\">GmbH aus vier Gesellschafter:innen. Im Nutzniessungsrecht der Stiftung zur Pflege von Mensch, Mitwelt und Erde<\/p>\n<\/div>\n<\/div>\n\n\n\n<div class=\"wp-block-columns is-layout-flex wp-container-core-columns-is-layout-28f84493 wp-block-columns-is-layout-flex\">\n<div class=\"wp-block-column is-layout-flow wp-block-column-is-layout-flow\" style=\"flex-basis:33.33%\">\n<h4 class=\"wp-block-heading\"><strong>Label:<\/strong><\/h4>\n<\/div>\n\n\n\n<div class=\"wp-block-column is-layout-flow wp-block-column-is-layout-flow\" style=\"flex-basis:66.66%\">\n<p style=\"font-size:clamp(0.929rem, 0.929rem + ((1vw - 0.2rem) * 0.856), 1.4rem);\">Biologisch-Dynamisch (Demeter) und Bio- Knospe<\/p>\n<\/div>\n<\/div>\n\n\n\n<div class=\"wp-block-columns is-layout-flex wp-container-core-columns-is-layout-28f84493 wp-block-columns-is-layout-flex\">\n<div class=\"wp-block-column is-layout-flow wp-block-column-is-layout-flow\" style=\"flex-basis:33.33%\">\n<h4 class=\"wp-block-heading\"><strong><strong>Betriebsgr\u00f6sse LN:<\/strong><\/strong><br>(landwirtschaftliche<br>Nutzfl\u00e4che)<\/h4>\n<\/div>\n\n\n\n<div class=\"wp-block-column is-layout-flow wp-block-column-is-layout-flow\" style=\"flex-basis:66.66%\">\n<p style=\"font-size:clamp(0.929rem, 0.929rem + ((1vw - 0.2rem) * 0.856), 1.4rem);\">20,4 ha, 2ha Wald<\/p>\n<\/div>\n<\/div>\n\n\n\n<div class=\"wp-block-columns is-layout-flex wp-container-core-columns-is-layout-28f84493 wp-block-columns-is-layout-flex\">\n<div class=\"wp-block-column is-layout-flow wp-block-column-is-layout-flow\" style=\"flex-basis:33.33%\">\n<h4 class=\"wp-block-heading\"><strong><strong>Geografische Lage<\/strong>:<\/strong><\/h4>\n<\/div>\n\n\n\n<div class=\"wp-block-column is-layout-flow wp-block-column-is-layout-flow\" style=\"flex-basis:66.66%\">\n<p style=\"font-size:clamp(0.929rem, 0.929rem + ((1vw - 0.2rem) * 0.856), 1.4rem);\">Gr\u00f6sstenteils Hanglage auf 900-980 m. \u00fc. M. (Bergzone 2). Auf dem L\u00e4ngenberg\/Gemeinde Niedermuhlern, zwischen Zimmerwald und Riggisberg<\/p>\n<\/div>\n<\/div>\n\n\n\n<div class=\"wp-block-columns is-layout-flex wp-container-core-columns-is-layout-28f84493 wp-block-columns-is-layout-flex\">\n<div class=\"wp-block-column is-layout-flow wp-block-column-is-layout-flow\" style=\"flex-basis:33.33%\">\n<h4 class=\"wp-block-heading\"><strong><strong>Tiere<\/strong>:<\/strong><\/h4>\n<\/div>\n\n\n\n<div class=\"wp-block-column is-layout-flow wp-block-column-is-layout-flow\" style=\"flex-basis:66.66%\">\n<p style=\"font-size:clamp(0.929rem, 0.929rem + ((1vw - 0.2rem) * 0.856), 1.4rem);\">10-12 Milchk\u00fche (R\u00e4thisches Grauvieh), Rinder, K\u00e4lber, B\u00fcndner Oberl\u00e4nder Schafe, Bienen, Appenzeller Spitzhauben H\u00fchner, Lauf-Enten, Katzen, Hunde, Wachteln, Bodenlebewesen, Insekten, Wildtiere<\/p>\n<\/div>\n<\/div>\n\n\n\n<div class=\"wp-block-columns is-layout-flex wp-container-core-columns-is-layout-28f84493 wp-block-columns-is-layout-flex\">\n<div class=\"wp-block-column is-layout-flow wp-block-column-is-layout-flow\" style=\"flex-basis:33.33%\">\n<h4 class=\"wp-block-heading\"><strong><strong>Ackerbau<\/strong>:<\/strong><\/h4>\n<\/div>\n\n\n\n<div class=\"wp-block-column is-layout-flow wp-block-column-is-layout-flow\" style=\"flex-basis:66.66%\">\n<p style=\"font-size:clamp(0.929rem, 0.929rem + ((1vw - 0.2rem) * 0.856), 1.4rem);\">80 a Roggen \/ Dinkel, 30a Gem\u00fcsebau<\/p>\n<\/div>\n<\/div>\n\n\n\n<div class=\"wp-block-columns is-layout-flex wp-container-core-columns-is-layout-28f84493 wp-block-columns-is-layout-flex\">\n<div class=\"wp-block-column is-layout-flow wp-block-column-is-layout-flow\" style=\"flex-basis:33.33%\">\n<h4 class=\"wp-block-heading\"><strong><strong><strong>Produkte<\/strong><\/strong>:<\/strong><\/h4>\n<\/div>\n\n\n\n<div class=\"wp-block-column is-layout-flow wp-block-column-is-layout-flow\" style=\"flex-basis:66.66%\">\n<p style=\"font-size:clamp(0.929rem, 0.929rem + ((1vw - 0.2rem) * 0.856), 1.4rem);\">Milch f\u00fcr die Molkerei Biomilk in Worb <a href=\"https:\/\/web.archive.org\/web\/20210416131941\/http:\/\/www.biomilk.ch\/\">www.biomilk.ch<\/a>,\u00a0Direktverkauf von: Getreide (K\u00f6rner und Mehl aus Roggen und Dinkel, Gem\u00fcse, S\u00fcssmost,  W\u00fcrste, Trockenfleisch, Frischfleisch vom Rind und Schaf, Tee, Eingemachtes und Brennholz<\/p>\n<\/div>\n<\/div>\n\n\n\n<div class=\"wp-block-columns is-layout-flex wp-container-core-columns-is-layout-28f84493 wp-block-columns-is-layout-flex\">\n<div class=\"wp-block-column is-layout-flow wp-block-column-is-layout-flow\" style=\"flex-basis:33.33%\">\n<h4 class=\"wp-block-heading\"><strong><strong><strong>G\u00e4ste<\/strong><\/strong>:<\/strong><\/h4>\n<\/div>\n\n\n\n<div class=\"wp-block-column is-layout-flow wp-block-column-is-layout-flow\" style=\"flex-basis:66.66%\">\n<p style=\"font-size:clamp(0.929rem, 0.929rem + ((1vw - 0.2rem) * 0.856), 1.4rem);\">Schlafen im Stroh, Raum f\u00fcr Anl\u00e4sse, \u00dcbernachten im Bauwagen<\/p>\n<\/div>\n<\/div>\n\n\n\n<div class=\"wp-block-columns is-layout-flex wp-container-core-columns-is-layout-28f84493 wp-block-columns-is-layout-flex\">\n<div class=\"wp-block-column is-layout-flow wp-block-column-is-layout-flow\" style=\"flex-basis:33.33%\">\n<h4 class=\"wp-block-heading\"><strong><strong><strong>Bildung<\/strong><\/strong>:<\/strong><\/h4>\n<\/div>\n\n\n\n<div class=\"wp-block-column is-layout-flow wp-block-column-is-layout-flow\" style=\"flex-basis:66.66%\">\n<p style=\"font-size:clamp(0.929rem, 0.929rem + ((1vw - 0.2rem) * 0.856), 1.4rem);\">Klassenlager, Bauernjahr 3. Klasse der Rudolf Steiner Schule Bern,\u00a0Praktikumsplatz f\u00fcr 9. Kl\u00e4ssler:innen der\u00a0Rudolf Steiner Schulen, Workcamp SCI<\/p>\n<\/div>\n<\/div>\n\n\n\n<p><\/p>\n","protected":false},"excerpt":{"rendered":"<p>Betriebsform: GmbH aus vier Gesellschafter:innen. Im Nutzniessungsrecht der Stiftung zur Pflege von Mensch, Mitwelt und Erde Label: Biologisch-Dynamisch (Demeter) und Bio- Knospe Betriebsgr\u00f6sse LN:(landwirtschaftlicheNutzfl\u00e4che) 20,4 ha, 2ha Wald Geografische Lage: Gr\u00f6sstenteils Hanglage auf 900-980 m. \u00fc. M. (Bergzone 2). Auf dem L\u00e4ngenberg\/Gemeinde Niedermuhlern, zwischen Zimmerwald und Riggisberg Tiere: 10-12 Milchk\u00fche (R\u00e4thisches Grauvieh), Rinder, K\u00e4lber, B\u00fcndner [&hellip;]<\/p>\n","protected":false},"author":1,"featured_media":0,"parent":0,"menu_order":0,"comment_status":"closed","ping_status":"closed","template":"","meta":{"footnotes":""},"class_list":["post-169","page","type-page","status-publish","hentry"],"_links":{"self":[{"href":"https:\/\/ratzenbergli.ch\/index.php?rest_route=\/wp\/v2\/pages\/169","targetHints":{"allow":["GET"]}}],"collection":[{"href":"https:\/\/ratzenbergli.ch\/index.php?rest_route=\/wp\/v2\/pages"}],"about":[{"href":"https:\/\/ratzenbergli.ch\/index.php?rest_route=\/wp\/v2\/types\/page"}],"author":[{"embeddable":true,"href":"https:\/\/ratzenbergli.ch\/index.php?rest_route=\/wp\/v2\/users\/1"}],"replies":[{"embeddable":true,"href":"https:\/\/ratzenbergli.ch\/index.php?rest_route=%2Fwp%2Fv2%2Fcomments&post=169"}],"version-history":[{"count":5,"href":"https:\/\/ratzenbergli.ch\/index.php?rest_route=\/wp\/v2\/pages\/169\/revisions"}],"predecessor-version":[{"id":622,"href":"https:\/\/ratzenbergli.ch\/index.php?rest_route=\/wp\/v2\/pages\/169\/revisions\/622"}],"wp:attachment":[{"href":"https:\/\/ratzenbergli.ch\/index.php?rest_route=%2Fwp%2Fv2%2Fmedia&parent=169"}],"curies":[{"name":"wp","href":"https:\/\/api.w.org\/{rel}","templated":true}]}}